{"id":138,"date":"2024-02-02T07:59:36","date_gmt":"2024-02-02T00:59:36","guid":{"rendered":"https:\/\/anlachouse.com.vn\/kr\/?page_id=138"},"modified":"2024-04-22T14:42:47","modified_gmt":"2024-04-22T07:42:47","slug":"su-menh-tam-nhin","status":"publish","type":"page","link":"https:\/\/anlachouse.com.vn\/kr\/su-menh-tam-nhin\/","title":{"rendered":"S\u1ee9 m\u1ec7nh &#038; T\u1ea7m nh\u00ecn"},"content":{"rendered":"<div class=\"flex-1 overflow-hidden\">\n<div class=\"react-scroll-to-bottom--css-xwrve-79elbk h-full\">\n<div class=\"react-scroll-to-bottom--css-xwrve-1n7m0yu\">\n<div>\n<div class=\"flex flex-col text-sm pb-9\">\n<div class=\"w-full text-token-text-primary\" dir=\"auto\" data-testid=\"conversation-turn-7\">\n<div class=\"px-4 py-2 justify-center text-base md:gap-6 m-auto\">\n<div class=\"flex flex-1 text-base mx-auto gap-3 juice:gap-4 juice:md:gap-6 md:px-5 lg:px-1 xl:px-5 md:max-w-3xl lg:max-w-[40rem] xl:max-w-[48rem]\">\n<div class=\"relative flex w-full flex-col agent-turn\">\n<div class=\"flex-col gap-1 md:gap-3\">\n<div class=\"flex flex-grow flex-col max-w-full\">\n<div class=\"min-h-[20px] text-message flex flex-col items-start gap-3 whitespace-pre-wrap break-words [.text-message+&amp;]:mt-5 overflow-x-auto\" dir=\"auto\" data-message-author-role=\"assistant\" data-message-id=\"f40708dc-8860-4a89-910a-d689373002e0\">\n<div class=\"markdown prose w-full break-words dark:prose-invert light\">\n<p><strong>S\u1ee9 M\u1ec7nh v\u00e0 T\u1ea7m Nh\u00ecn: X\u00e2y d\u1ef1ng kh\u00f4ng gian Ss\u1ed1ng v\u00e0 l\u00e0m vi\u1ec7c ho\u00e0n h\u1ea3o<\/strong><\/p>\n<p>Trong m\u1ed9t th\u1ebf gi\u1edbi \u0111\u1ea7y nh\u1eefng c\u0103n nh\u00e0 v\u00e0 kh\u00f4ng gian s\u1ed1ng, ch\u00fang t\u00f4i &#8211; m\u1ed9t c\u00f4ng ty s\u1eeda ch\u1eefa ho\u00e0n thi\u1ec7n nh\u00e0, s\u1ea3n xu\u1ea5t v\u00e0 thi\u1ebft k\u1ebf n\u1ed9i th\u1ea5t &#8211; kh\u00f4ng ch\u1ec9 \u0111\u01a1n thu\u1ea7n l\u00e0 nh\u1eefng ng\u01b0\u1eddi th\u1ee3 l\u00e0m vi\u1ec7c v\u1edbi c\u00e1t v\u00e0 g\u1ea1ch. Ch\u00fang t\u00f4i \u0111\u1eb7t ra s\u1ee9 m\u1ec7nh v\u00e0 t\u1ea7m nh\u00ecn cao h\u01a1n: x\u00e2y d\u1ef1ng kh\u00f4ng gian s\u1ed1ng v\u00e0 l\u00e0m vi\u1ec7c ho\u00e0n h\u1ea3o cho kh\u00e1ch h\u00e0ng.<\/p>\n<p><strong>S\u1ee9 M\u1ec7nh c\u1ee7a Ch\u00fang T\u00f4i:<\/strong><\/p>\n<p>S\u1ee9 m\u1ec7nh c\u1ee7a ch\u00fang t\u00f4i kh\u00f4ng ch\u1ec9 \u0111\u01a1n thu\u1ea7n l\u00e0 s\u1eeda ch\u1eefa v\u00e0 thi\u1ebft k\u1ebf, m\u00e0 l\u00e0 t\u1ea1o ra nh\u1eefng c\u0103n nh\u00e0 th\u1ef1c s\u1ef1 mang l\u1ea1i c\u1ea3m gi\u00e1c \u1ea5m c\u00fang, tho\u1ea3i m\u00e1i v\u00e0 h\u1ea1nh ph\u00fac cho m\u1ecdi ng\u01b0\u1eddi. Ch\u00fang t\u00f4i tin r\u1eb1ng m\u1ed7i c\u0103n nh\u00e0 kh\u00f4ng ch\u1ec9 l\u00e0 n\u01a1i \u0111\u1ec3 s\u1ed1ng, m\u00e0 c\u00f2n l\u00e0 n\u01a1i \u0111\u1ec3 x\u00e2y d\u1ef1ng nh\u1eefng k\u1ef7 ni\u1ec7m, chia s\u1ebb y\u00eau th\u01b0\u01a1ng v\u00e0 t\u1ea1o d\u1ef1ng nh\u1eefng gi\u1ea5c m\u01a1. V\u1edbi s\u1ee9 m\u1ec7nh n\u00e0y, ch\u00fang t\u00f4i cam k\u1ebft mang l\u1ea1i s\u1ef1 h\u00e0i l\u00f2ng t\u1ed1i \u0111a cho t\u1eebng kh\u00e1ch h\u00e0ng, t\u1eeb vi\u1ec7c l\u1eafng nghe c\u1ea9n th\u1eadn \u0111\u1ebfn vi\u1ec7c th\u1ef1c hi\u1ec7n m\u1ed7i d\u1ef1 \u00e1n m\u1ed9t c\u00e1ch t\u1eadn t\u00e2m v\u00e0 chuy\u00ean nghi\u1ec7p.<\/p>\n<p><strong>T\u1ea7m Nh\u00ecn c\u1ee7a Ch\u00fang T\u00f4i:<\/strong><\/p>\n<p>T\u1ea7m nh\u00ecn c\u1ee7a ch\u00fang t\u00f4i l\u00e0 x\u00e2y d\u1ef1ng m\u1ed9t c\u1ed9ng \u0111\u1ed3ng nh\u1eefng ng\u00f4i nh\u00e0 ho\u00e0n h\u1ea3o, n\u01a1i m\u1ed7i gia \u0111\u00ecnh c\u00f3 th\u1ec3 t\u1eadn h\u01b0\u1edfng cu\u1ed9c s\u1ed1ng \u0111\u00e1ng m\u01a1 \u01b0\u1edbc. Ch\u00fang t\u00f4i kh\u00f4ng ch\u1ec9 mu\u1ed1n t\u1ea1o ra nh\u1eefng kh\u00f4ng gian \u0111\u1eb9p m\u1eaft v\u00e0 ti\u1ec7n nghi, m\u00e0 c\u00f2n mu\u1ed1n truy\u1ec1n c\u1ea3m h\u1ee9ng v\u00e0 \u00fd ngh\u0129a cho t\u1eebng c\u0103n nh\u00e0 m\u00e0 ch\u00fang t\u00f4i ch\u1ea1m v\u00e0o. T\u1ea7m nh\u00ecn c\u1ee7a ch\u00fang t\u00f4i kh\u00f4ng ch\u1ec9 gi\u1edbi h\u1ea1n trong vi\u1ec7c thi\u1ebft k\u1ebf v\u00e0 s\u1eeda ch\u1eefa, m\u00e0 c\u00f2n bao g\u1ed3m vi\u1ec7c t\u1ea1o ra nh\u1eefng gi\u00e1 tr\u1ecb v\u01b0\u1ee3t ra ngo\u00e0i b\u1eb1ng c\u00e1ch t\u00f4n tr\u1ecdng m\u00f4i tr\u01b0\u1eddng, ph\u00e1t tri\u1ec3n c\u1ed9ng \u0111\u1ed3ng v\u00e0 th\u00fac \u0111\u1ea9y s\u1ef1 ph\u00e1t tri\u1ec3n b\u1ec1n v\u1eefng.<\/p>\n<p>V\u1edbi s\u1ee9 m\u1ec7nh v\u00e0 t\u1ea7m nh\u00ecn n\u00e0y, ch\u00fang t\u00f4i hy v\u1ecdng r\u1eb1ng m\u1ed7i d\u1ef1 \u00e1n c\u1ee7a ch\u00fang t\u00f4i kh\u00f4ng ch\u1ec9 l\u00e0 m\u1ed9t c\u00f4ng vi\u1ec7c ho\u00e0n th\u00e0nh, m\u00e0 c\u00f2n l\u00e0 m\u1ed9t d\u1ea5u \u1ea5n mang l\u1ea1i \u00fd ngh\u0129a v\u00e0 gi\u00e1 tr\u1ecb \u0111\u00edch th\u1ef1c cho cu\u1ed9c s\u1ed1ng c\u1ee7a m\u1ed7i ng\u01b0\u1eddi.<\/p>\n<\/div>\n<\/div>\n<\/div>\n<div class=\"mt-1 flex gap-3 empty:hidden\">\n<div class=\"text-gray-400 flex self-end lg:self-center items-center justify-center lg:justify-start mt-0 -ml-1 h-7 gap-[2px] visible\"><\/div>\n<\/div>\n<div class=\"pr-2 lg:pr-0\"><\/div>\n<\/div>\n<div class=\"absolute\">\n<div class=\"flex w-full gap-2 items-center justify-center\"><\/div>\n<\/div>\n<\/div>\n<\/div>\n<\/div>\n<\/div>\n<\/div>\n<\/div>\n<\/div>\n<\/div>\n<\/div>\n<div class=\"w-full pt-2 md:pt-0 dark:border-white\/20 md:border-transparent md:dark:border-transparent md:w-[calc(100%-.5rem)]\">\n<form class=\"stretch mx-2 flex flex-row gap-3 last:mb-2 md:mx-4 md:last:mb-6 lg:mx-auto lg:max-w-2xl xl:max-w-3xl\">\n<div class=\"relative flex h-full flex-1 flex-col\">\n<div class=\"absolute bottom-full left-0 right-0\"><\/div>\n<div class=\"flex w-full items-center\"><\/div>\n<\/div>\n<\/form>\n<\/div>\n","protected":false},"excerpt":{"rendered":"<p>S\u1ee9 M\u1ec7nh v\u00e0 T\u1ea7m Nh\u00ecn: X\u00e2y d\u1ef1ng kh\u00f4ng gian Ss\u1ed1ng v\u00e0 l\u00e0m vi\u1ec7c ho\u00e0n h\u1ea3o Trong m\u1ed9t th\u1ebf gi\u1edbi \u0111\u1ea7y nh\u1eefng c\u0103n nh\u00e0 v\u00e0 kh\u00f4ng gian s\u1ed1ng, ch\u00fang t\u00f4i &#8211; m\u1ed9t c\u00f4ng ty s\u1eeda ch\u1eefa ho\u00e0n thi\u1ec7n nh\u00e0, s\u1ea3n xu\u1ea5t v\u00e0 thi\u1ebft k\u1ebf n\u1ed9i th\u1ea5t &#8211; kh\u00f4ng ch\u1ec9 \u0111\u01a1n thu\u1ea7n l\u00e0 nh\u1eefng ng\u01b0\u1eddi th\u1ee3 l\u00e0m<\/p>\n","protected":false},"author":1,"featured_media":0,"parent":0,"menu_order":0,"comment_status":"closed","ping_status":"closed","template":"","meta":{"footnotes":""},"class_list":["post-138","page","type-page","status-publish","hentry"],"yoast_head":"<!-- This site is optimized with the Yoast SEO plugin v22.0 - https:\/\/yoast.com\/wordpress\/plugins\/seo\/ -->\n<title>S\u1ee9 m\u1ec7nh &amp; T\u1ea7m nh\u00ecn - An L\u1ea1c House<\/title>\n<meta name=\"robots\" content=\"noindex, follow, max-snippet:-1, max-image-preview:large, max-video-preview:-1\" \/>\n<meta property=\"og:locale\" content=\"vi_VN\" \/>\n<meta property=\"og:type\" content=\"article\" \/>\n<meta property=\"og:title\" content=\"S\u1ee9 m\u1ec7nh &amp; T\u1ea7m nh\u00ecn - An L\u1ea1c House\" \/>\n<meta property=\"og:description\" content=\"S\u1ee9 M\u1ec7nh v\u00e0 T\u1ea7m Nh\u00ecn: X\u00e2y d\u1ef1ng kh\u00f4ng gian Ss\u1ed1ng v\u00e0 l\u00e0m vi\u1ec7c ho\u00e0n h\u1ea3o Trong m\u1ed9t th\u1ebf gi\u1edbi \u0111\u1ea7y nh\u1eefng c\u0103n nh\u00e0 v\u00e0 kh\u00f4ng gian s\u1ed1ng, ch\u00fang t\u00f4i &#8211; m\u1ed9t c\u00f4ng ty s\u1eeda ch\u1eefa ho\u00e0n thi\u1ec7n nh\u00e0, s\u1ea3n xu\u1ea5t v\u00e0 thi\u1ebft k\u1ebf n\u1ed9i th\u1ea5t &#8211; kh\u00f4ng ch\u1ec9 \u0111\u01a1n thu\u1ea7n l\u00e0 nh\u1eefng ng\u01b0\u1eddi th\u1ee3 l\u00e0m\" \/>\n<meta property=\"og:url\" content=\"https:\/\/anlachouse.com.vn\/kr\/su-menh-tam-nhin\/\" \/>\n<meta property=\"og:site_name\" content=\"An L\u1ea1c House\" \/>\n<meta property=\"article:modified_time\" content=\"2024-04-22T07:42:47+00:00\" \/>\n<meta name=\"twitter:card\" content=\"summary_large_image\" \/>\n<meta name=\"twitter:label1\" content=\"\u01af\u1edbc t\u00ednh th\u1eddi gian \u0111\u1ecdc\" \/>\n\t<meta name=\"twitter:data1\" content=\"2 ph\u00fat\" \/>\n<script type=\"application\/ld+json\" class=\"yoast-schema-graph\">{\"@context\":\"https:\/\/schema.org\",\"@graph\":[{\"@type\":\"WebPage\",\"@id\":\"https:\/\/anlachouse.com.vn\/kr\/su-menh-tam-nhin\/\",\"url\":\"https:\/\/anlachouse.com.vn\/kr\/su-menh-tam-nhin\/\",\"name\":\"S\u1ee9 m\u1ec7nh & T\u1ea7m nh\u00ecn - An L\u1ea1c House\",\"isPartOf\":{\"@id\":\"https:\/\/anlachouse.com.vn\/kr\/#website\"},\"datePublished\":\"2024-02-02T00:59:36+00:00\",\"dateModified\":\"2024-04-22T07:42:47+00:00\",\"breadcrumb\":{\"@id\":\"https:\/\/anlachouse.com.vn\/kr\/su-menh-tam-nhin\/#breadcrumb\"},\"inLanguage\":\"vi\",\"potentialAction\":[{\"@type\":\"ReadAction\",\"target\":[\"https:\/\/anlachouse.com.vn\/kr\/su-menh-tam-nhin\/\"]}]},{\"@type\":\"BreadcrumbList\",\"@id\":\"https:\/\/anlachouse.com.vn\/kr\/su-menh-tam-nhin\/#breadcrumb\",\"itemListElement\":[{\"@type\":\"ListItem\",\"position\":1,\"name\":\"Trang ch\u1ee7\",\"item\":\"https:\/\/anlachouse.com.vn\/kr\/\"},{\"@type\":\"ListItem\",\"position\":2,\"name\":\"S\u1ee9 m\u1ec7nh &#038; T\u1ea7m nh\u00ecn\"}]},{\"@type\":\"WebSite\",\"@id\":\"https:\/\/anlachouse.com.vn\/kr\/#website\",\"url\":\"https:\/\/anlachouse.com.vn\/kr\/\",\"name\":\"An L\u1ea1c House\",\"description\":\"\",\"potentialAction\":[{\"@type\":\"SearchAction\",\"target\":{\"@type\":\"EntryPoint\",\"urlTemplate\":\"https:\/\/anlachouse.com.vn\/kr\/?s={search_term_string}\"},\"query-input\":\"required name=search_term_string\"}],\"inLanguage\":\"vi\"}]}<\/script>\n<!-- \/ Yoast SEO plugin. -->","yoast_head_json":{"title":"S\u1ee9 m\u1ec7nh & T\u1ea7m nh\u00ecn - An L\u1ea1c House","robots":{"index":"noindex","follow":"follow","max-snippet":"max-snippet:-1","max-image-preview":"max-image-preview:large","max-video-preview":"max-video-preview:-1"},"og_locale":"vi_VN","og_type":"article","og_title":"S\u1ee9 m\u1ec7nh & T\u1ea7m nh\u00ecn - An L\u1ea1c House","og_description":"S\u1ee9 M\u1ec7nh v\u00e0 T\u1ea7m Nh\u00ecn: X\u00e2y d\u1ef1ng kh\u00f4ng gian Ss\u1ed1ng v\u00e0 l\u00e0m vi\u1ec7c ho\u00e0n h\u1ea3o Trong m\u1ed9t th\u1ebf gi\u1edbi \u0111\u1ea7y nh\u1eefng c\u0103n nh\u00e0 v\u00e0 kh\u00f4ng gian s\u1ed1ng, ch\u00fang t\u00f4i &#8211; m\u1ed9t c\u00f4ng ty s\u1eeda ch\u1eefa ho\u00e0n thi\u1ec7n nh\u00e0, s\u1ea3n xu\u1ea5t v\u00e0 thi\u1ebft k\u1ebf n\u1ed9i th\u1ea5t &#8211; kh\u00f4ng ch\u1ec9 \u0111\u01a1n thu\u1ea7n l\u00e0 nh\u1eefng ng\u01b0\u1eddi th\u1ee3 l\u00e0m","og_url":"https:\/\/anlachouse.com.vn\/kr\/su-menh-tam-nhin\/","og_site_name":"An L\u1ea1c House","article_modified_time":"2024-04-22T07:42:47+00:00","twitter_card":"summary_large_image","twitter_misc":{"\u01af\u1edbc t\u00ednh th\u1eddi gian \u0111\u1ecdc":"2 ph\u00fat"},"schema":{"@context":"https:\/\/schema.org","@graph":[{"@type":"WebPage","@id":"https:\/\/anlachouse.com.vn\/kr\/su-menh-tam-nhin\/","url":"https:\/\/anlachouse.com.vn\/kr\/su-menh-tam-nhin\/","name":"S\u1ee9 m\u1ec7nh & T\u1ea7m nh\u00ecn - An L\u1ea1c House","isPartOf":{"@id":"https:\/\/anlachouse.com.vn\/kr\/#website"},"datePublished":"2024-02-02T00:59:36+00:00","dateModified":"2024-04-22T07:42:47+00:00","breadcrumb":{"@id":"https:\/\/anlachouse.com.vn\/kr\/su-menh-tam-nhin\/#breadcrumb"},"inLanguage":"vi","potentialAction":[{"@type":"ReadAction","target":["https:\/\/anlachouse.com.vn\/kr\/su-menh-tam-nhin\/"]}]},{"@type":"BreadcrumbList","@id":"https:\/\/anlachouse.com.vn\/kr\/su-menh-tam-nhin\/#breadcrumb","itemListElement":[{"@type":"ListItem","position":1,"name":"Trang ch\u1ee7","item":"https:\/\/anlachouse.com.vn\/kr\/"},{"@type":"ListItem","position":2,"name":"S\u1ee9 m\u1ec7nh &#038; T\u1ea7m nh\u00ecn"}]},{"@type":"WebSite","@id":"https:\/\/anlachouse.com.vn\/kr\/#website","url":"https:\/\/anlachouse.com.vn\/kr\/","name":"An L\u1ea1c House","description":"","potentialAction":[{"@type":"SearchAction","target":{"@type":"EntryPoint","urlTemplate":"https:\/\/anlachouse.com.vn\/kr\/?s={search_term_string}"},"query-input":"required name=search_term_string"}],"inLanguage":"vi"}]}},"_links":{"self":[{"href":"https:\/\/anlachouse.com.vn\/kr\/wp-json\/wp\/v2\/pages\/138","targetHints":{"allow":["GET"]}}],"collection":[{"href":"https:\/\/anlachouse.com.vn\/kr\/wp-json\/wp\/v2\/pages"}],"about":[{"href":"https:\/\/anlachouse.com.vn\/kr\/wp-json\/wp\/v2\/types\/page"}],"author":[{"embeddable":true,"href":"https:\/\/anlachouse.com.vn\/kr\/wp-json\/wp\/v2\/users\/1"}],"replies":[{"embeddable":true,"href":"https:\/\/anlachouse.com.vn\/kr\/wp-json\/wp\/v2\/comments?post=138"}],"version-history":[{"count":3,"href":"https:\/\/anlachouse.com.vn\/kr\/wp-json\/wp\/v2\/pages\/138\/revisions"}],"predecessor-version":[{"id":331,"href":"https:\/\/anlachouse.com.vn\/kr\/wp-json\/wp\/v2\/pages\/138\/revisions\/331"}],"wp:attachment":[{"href":"https:\/\/anlachouse.com.vn\/kr\/wp-json\/wp\/v2\/media?parent=138"}],"curies":[{"name":"wp","href":"https:\/\/api.w.org\/{rel}","templated":true}]}}