{"id":139,"date":"2024-02-02T07:59:45","date_gmt":"2024-02-02T00:59:45","guid":{"rendered":"https:\/\/anlachouse.com.vn\/kr\/?page_id=139"},"modified":"2024-04-23T16:34:06","modified_gmt":"2024-04-23T09:34:06","slug":"gia-tri-cot-loi","status":"publish","type":"page","link":"https:\/\/anlachouse.com.vn\/kr\/gia-tri-cot-loi\/","title":{"rendered":"Gi\u00e1 tr\u1ecb c\u1ed1t l\u00f5i"},"content":{"rendered":"<p><span style=\"font-family: 'trebuchet ms', geneva, sans-serif; font-size: 20px;\"><strong>Gi\u00e1 tr\u1ecb c\u1ed1t l\u00f5i c\u1ee7a c\u00f4ng ty<\/strong><\/span><\/p>\n<p><img loading=\"lazy\" decoding=\"async\" class=\"wp-image-326 aligncenter\" src=\"https:\/\/anlachouse.com.vn\/kr\/wp-content\/uploads\/2024\/04\/Minimalist-5-Cycle-Diagram-Graph.png\" alt=\"Minimalist 5 Cycle Diagram Graph\" width=\"510\" height=\"383\" \/><\/p>\n<ol>\n<li><strong>Ch\u1ea5t l\u01b0\u1ee3ng V\u01b0\u1ee3t Tr\u1ed9i<\/strong>: S\u1ea3n ph\u1ea9m v\u00e0 d\u1ecbch v\u1ee5 c\u1ee7a ch\u00fang t\u00f4i lu\u00f4n \u0111\u1ea3m b\u1ea3o ch\u1ea5t l\u01b0\u1ee3ng t\u1ed1t nh\u1ea5t. T\u1eeb v\u1eadt li\u1ec7u x\u00e2y d\u1ef1ng cho \u0111\u1ebfn thi\u1ebft k\u1ebf n\u1ed9i th\u1ea5t, m\u1ecdi chi ti\u1ebft \u0111\u1ec1u \u0111\u01b0\u1ee3c ki\u1ec3m so\u00e1t v\u00e0 ch\u0103m s\u00f3c \u0111\u1eb7c bi\u1ec7t \u0111\u1ec3 mang l\u1ea1i s\u1ef1 h\u00e0i l\u00f2ng t\u1ed1i \u0111a cho kh\u00e1ch h\u00e0ng.<\/li>\n<li><strong>S\u00e1ng T\u1ea1o v\u00e0 Phong C\u00e1ch<\/strong>: Ch\u00fang t\u00f4i lu\u00f4n \u0111\u1ec1 cao s\u1ef1 s\u00e1ng t\u1ea1o v\u00e0 t\u00ednh \u0111\u1ed9c \u0111\u00e1o trong m\u1ed7i d\u1ef1 \u00e1n. Thi\u1ebft k\u1ebf c\u1ee7a ch\u00fang t\u00f4i kh\u00f4ng ch\u1ec9 \u0111\u00e1p \u1ee9ng nhu c\u1ea7u c\u01a1 b\u1ea3n m\u00e0 c\u00f2n th\u1ec3 hi\u1ec7n phong c\u00e1ch v\u00e0 c\u00e1 nh\u00e2n h\u00f3a ri\u00eang c\u1ee7a t\u1eebng kh\u00e1ch h\u00e0ng.<\/li>\n<li><strong>T\u1eadn T\u00e2m v\u00e0 T\u1eadn T\u1ee5y<\/strong>: S\u1ef1 cam k\u1ebft v\u00e0 t\u1eadn t\u00e2m l\u00e0 \u0111i\u1ec1u m\u00e0 ch\u00fang t\u00f4i mang \u0111\u1ebfn trong m\u1ed7i d\u1ef1 \u00e1n. Ch\u00fang t\u00f4i l\u1eafng nghe v\u00e0 hi\u1ec3u r\u00f5 nhu c\u1ea7u c\u1ee7a kh\u00e1ch h\u00e0ng \u0111\u1ec3 cung c\u1ea5p gi\u1ea3i ph\u00e1p t\u1ed1t nh\u1ea5t, \u0111\u1ed3ng th\u1eddi \u0111\u1ea3m b\u1ea3o s\u1ef1 h\u00e0i l\u00f2ng v\u00e0 tin t\u01b0\u1edfng t\u1eeb ph\u00eda h\u1ecd.<\/li>\n<li><strong>B\u1ec1n V\u1eefng v\u00e0 Ti\u1ebft Ki\u1ec7m<\/strong>: Ch\u00fang t\u00f4i cam k\u1ebft th\u1ef1c hi\u1ec7n m\u1ecdi ho\u1ea1t \u0111\u1ed9ng m\u1ed9t c\u00e1ch b\u1ec1n v\u1eefng v\u00e0 ti\u1ebft ki\u1ec7m. T\u1eeb vi\u1ec7c s\u1eed d\u1ee5ng v\u1eadt li\u1ec7u th\u00e2n thi\u1ec7n v\u1edbi m\u00f4i tr\u01b0\u1eddng \u0111\u1ebfn vi\u1ec7c t\u1ed1i \u01b0u h\u00f3a quy tr\u00ecnh s\u1ea3n xu\u1ea5t, ch\u00fang t\u00f4i lu\u00f4n \u0111\u1eb7t s\u1ef1 b\u1ec1n v\u1eefng v\u00e0 ti\u1ebft ki\u1ec7m l\u00e0m tr\u1ecdng t\u00e2m.<\/li>\n<li><strong>T\u00ednh C\u00e1 Nh\u00e2n H\u00f3a v\u00e0 T\u01b0\u01a1ng T\u00e1c<\/strong>: M\u1ed1i quan h\u1ec7 v\u1edbi kh\u00e1ch h\u00e0ng kh\u00f4ng ch\u1ec9 l\u00e0 giao d\u1ecbch m\u00e0 c\u00f2n l\u00e0 s\u1ef1 t\u01b0\u01a1ng t\u00e1c v\u00e0 chia s\u1ebb. Ch\u00fang t\u00f4i coi tr\u1ecdng t\u00ednh c\u00e1 nh\u00e2n h\u00f3a v\u00e0 lu\u00f4n t\u1ea1o \u0111i\u1ec1u ki\u1ec7n cho m\u1ed9t m\u1ed1i quan h\u1ec7 t\u01b0\u01a1ng t\u00e1c ch\u00e2n th\u00e0nh v\u00e0 l\u00e2u d\u00e0i.<\/li>\n<\/ol>\n","protected":false},"excerpt":{"rendered":"<p>Gi\u00e1 tr\u1ecb c\u1ed1t l\u00f5i c\u1ee7a c\u00f4ng ty Ch\u1ea5t l\u01b0\u1ee3ng V\u01b0\u1ee3t Tr\u1ed9i: S\u1ea3n ph\u1ea9m v\u00e0 d\u1ecbch v\u1ee5 c\u1ee7a ch\u00fang t\u00f4i lu\u00f4n \u0111\u1ea3m b\u1ea3o ch\u1ea5t l\u01b0\u1ee3ng t\u1ed1t nh\u1ea5t. T\u1eeb v\u1eadt li\u1ec7u x\u00e2y d\u1ef1ng cho \u0111\u1ebfn thi\u1ebft k\u1ebf n\u1ed9i th\u1ea5t, m\u1ecdi chi ti\u1ebft \u0111\u1ec1u \u0111\u01b0\u1ee3c ki\u1ec3m so\u00e1t v\u00e0 ch\u0103m s\u00f3c \u0111\u1eb7c bi\u1ec7t \u0111\u1ec3 mang l\u1ea1i s\u1ef1 h\u00e0i l\u00f2ng<\/p>\n","protected":false},"author":1,"featured_media":0,"parent":0,"menu_order":0,"comment_status":"closed","ping_status":"closed","template":"","meta":{"footnotes":""},"class_list":["post-139","page","type-page","status-publish","hentry"],"yoast_head":"<!-- This site is optimized with the Yoast SEO plugin v22.0 - https:\/\/yoast.com\/wordpress\/plugins\/seo\/ -->\n<title>Gi\u00e1 tr\u1ecb c\u1ed1t l\u00f5i - An L\u1ea1c House<\/title>\n<meta name=\"robots\" content=\"noindex, follow, max-snippet:-1, max-image-preview:large, max-video-preview:-1\" \/>\n<meta property=\"og:locale\" content=\"vi_VN\" \/>\n<meta property=\"og:type\" content=\"article\" \/>\n<meta property=\"og:title\" content=\"Gi\u00e1 tr\u1ecb c\u1ed1t l\u00f5i - An L\u1ea1c House\" \/>\n<meta property=\"og:description\" content=\"Gi\u00e1 tr\u1ecb c\u1ed1t l\u00f5i c\u1ee7a c\u00f4ng ty Ch\u1ea5t l\u01b0\u1ee3ng V\u01b0\u1ee3t Tr\u1ed9i: S\u1ea3n ph\u1ea9m v\u00e0 d\u1ecbch v\u1ee5 c\u1ee7a ch\u00fang t\u00f4i lu\u00f4n \u0111\u1ea3m b\u1ea3o ch\u1ea5t l\u01b0\u1ee3ng t\u1ed1t nh\u1ea5t. T\u1eeb v\u1eadt li\u1ec7u x\u00e2y d\u1ef1ng cho \u0111\u1ebfn thi\u1ebft k\u1ebf n\u1ed9i th\u1ea5t, m\u1ecdi chi ti\u1ebft \u0111\u1ec1u \u0111\u01b0\u1ee3c ki\u1ec3m so\u00e1t v\u00e0 ch\u0103m s\u00f3c \u0111\u1eb7c bi\u1ec7t \u0111\u1ec3 mang l\u1ea1i s\u1ef1 h\u00e0i l\u00f2ng\" \/>\n<meta property=\"og:url\" content=\"https:\/\/anlachouse.com.vn\/kr\/gia-tri-cot-loi\/\" \/>\n<meta property=\"og:site_name\" content=\"An L\u1ea1c House\" \/>\n<meta property=\"article:modified_time\" content=\"2024-04-23T09:34:06+00:00\" \/>\n<meta property=\"og:image\" content=\"https:\/\/anlachouse.com.vn\/kr\/wp-content\/uploads\/2024\/04\/Minimalist-5-Cycle-Diagram-Graph.png\" \/>\n<meta name=\"twitter:card\" content=\"summary_large_image\" \/>\n<meta name=\"twitter:label1\" content=\"\u01af\u1edbc t\u00ednh th\u1eddi gian \u0111\u1ecdc\" \/>\n\t<meta name=\"twitter:data1\" content=\"2 ph\u00fat\" \/>\n<script type=\"application\/ld+json\" class=\"yoast-schema-graph\">{\"@context\":\"https:\/\/schema.org\",\"@graph\":[{\"@type\":\"WebPage\",\"@id\":\"https:\/\/anlachouse.com.vn\/kr\/gia-tri-cot-loi\/\",\"url\":\"https:\/\/anlachouse.com.vn\/kr\/gia-tri-cot-loi\/\",\"name\":\"Gi\u00e1 tr\u1ecb c\u1ed1t l\u00f5i - An L\u1ea1c House\",\"isPartOf\":{\"@id\":\"https:\/\/anlachouse.com.vn\/kr\/#website\"},\"datePublished\":\"2024-02-02T00:59:45+00:00\",\"dateModified\":\"2024-04-23T09:34:06+00:00\",\"breadcrumb\":{\"@id\":\"https:\/\/anlachouse.com.vn\/kr\/gia-tri-cot-loi\/#breadcrumb\"},\"inLanguage\":\"vi\",\"potentialAction\":[{\"@type\":\"ReadAction\",\"target\":[\"https:\/\/anlachouse.com.vn\/kr\/gia-tri-cot-loi\/\"]}]},{\"@type\":\"BreadcrumbList\",\"@id\":\"https:\/\/anlachouse.com.vn\/kr\/gia-tri-cot-loi\/#breadcrumb\",\"itemListElement\":[{\"@type\":\"ListItem\",\"position\":1,\"name\":\"Trang ch\u1ee7\",\"item\":\"https:\/\/anlachouse.com.vn\/kr\/\"},{\"@type\":\"ListItem\",\"position\":2,\"name\":\"Gi\u00e1 tr\u1ecb c\u1ed1t l\u00f5i\"}]},{\"@type\":\"WebSite\",\"@id\":\"https:\/\/anlachouse.com.vn\/kr\/#website\",\"url\":\"https:\/\/anlachouse.com.vn\/kr\/\",\"name\":\"An L\u1ea1c House\",\"description\":\"\",\"potentialAction\":[{\"@type\":\"SearchAction\",\"target\":{\"@type\":\"EntryPoint\",\"urlTemplate\":\"https:\/\/anlachouse.com.vn\/kr\/?s={search_term_string}\"},\"query-input\":\"required name=search_term_string\"}],\"inLanguage\":\"vi\"}]}<\/script>\n<!-- \/ Yoast SEO plugin. -->","yoast_head_json":{"title":"Gi\u00e1 tr\u1ecb c\u1ed1t l\u00f5i - An L\u1ea1c House","robots":{"index":"noindex","follow":"follow","max-snippet":"max-snippet:-1","max-image-preview":"max-image-preview:large","max-video-preview":"max-video-preview:-1"},"og_locale":"vi_VN","og_type":"article","og_title":"Gi\u00e1 tr\u1ecb c\u1ed1t l\u00f5i - An L\u1ea1c House","og_description":"Gi\u00e1 tr\u1ecb c\u1ed1t l\u00f5i c\u1ee7a c\u00f4ng ty Ch\u1ea5t l\u01b0\u1ee3ng V\u01b0\u1ee3t Tr\u1ed9i: S\u1ea3n ph\u1ea9m v\u00e0 d\u1ecbch v\u1ee5 c\u1ee7a ch\u00fang t\u00f4i lu\u00f4n \u0111\u1ea3m b\u1ea3o ch\u1ea5t l\u01b0\u1ee3ng t\u1ed1t nh\u1ea5t. T\u1eeb v\u1eadt li\u1ec7u x\u00e2y d\u1ef1ng cho \u0111\u1ebfn thi\u1ebft k\u1ebf n\u1ed9i th\u1ea5t, m\u1ecdi chi ti\u1ebft \u0111\u1ec1u \u0111\u01b0\u1ee3c ki\u1ec3m so\u00e1t v\u00e0 ch\u0103m s\u00f3c \u0111\u1eb7c bi\u1ec7t \u0111\u1ec3 mang l\u1ea1i s\u1ef1 h\u00e0i l\u00f2ng","og_url":"https:\/\/anlachouse.com.vn\/kr\/gia-tri-cot-loi\/","og_site_name":"An L\u1ea1c House","article_modified_time":"2024-04-23T09:34:06+00:00","og_image":[{"url":"https:\/\/anlachouse.com.vn\/kr\/wp-content\/uploads\/2024\/04\/Minimalist-5-Cycle-Diagram-Graph.png"}],"twitter_card":"summary_large_image","twitter_misc":{"\u01af\u1edbc t\u00ednh th\u1eddi gian \u0111\u1ecdc":"2 ph\u00fat"},"schema":{"@context":"https:\/\/schema.org","@graph":[{"@type":"WebPage","@id":"https:\/\/anlachouse.com.vn\/kr\/gia-tri-cot-loi\/","url":"https:\/\/anlachouse.com.vn\/kr\/gia-tri-cot-loi\/","name":"Gi\u00e1 tr\u1ecb c\u1ed1t l\u00f5i - An L\u1ea1c House","isPartOf":{"@id":"https:\/\/anlachouse.com.vn\/kr\/#website"},"datePublished":"2024-02-02T00:59:45+00:00","dateModified":"2024-04-23T09:34:06+00:00","breadcrumb":{"@id":"https:\/\/anlachouse.com.vn\/kr\/gia-tri-cot-loi\/#breadcrumb"},"inLanguage":"vi","potentialAction":[{"@type":"ReadAction","target":["https:\/\/anlachouse.com.vn\/kr\/gia-tri-cot-loi\/"]}]},{"@type":"BreadcrumbList","@id":"https:\/\/anlachouse.com.vn\/kr\/gia-tri-cot-loi\/#breadcrumb","itemListElement":[{"@type":"ListItem","position":1,"name":"Trang ch\u1ee7","item":"https:\/\/anlachouse.com.vn\/kr\/"},{"@type":"ListItem","position":2,"name":"Gi\u00e1 tr\u1ecb c\u1ed1t l\u00f5i"}]},{"@type":"WebSite","@id":"https:\/\/anlachouse.com.vn\/kr\/#website","url":"https:\/\/anlachouse.com.vn\/kr\/","name":"An L\u1ea1c House","description":"","potentialAction":[{"@type":"SearchAction","target":{"@type":"EntryPoint","urlTemplate":"https:\/\/anlachouse.com.vn\/kr\/?s={search_term_string}"},"query-input":"required name=search_term_string"}],"inLanguage":"vi"}]}},"_links":{"self":[{"href":"https:\/\/anlachouse.com.vn\/kr\/wp-json\/wp\/v2\/pages\/139","targetHints":{"allow":["GET"]}}],"collection":[{"href":"https:\/\/anlachouse.com.vn\/kr\/wp-json\/wp\/v2\/pages"}],"about":[{"href":"https:\/\/anlachouse.com.vn\/kr\/wp-json\/wp\/v2\/types\/page"}],"author":[{"embeddable":true,"href":"https:\/\/anlachouse.com.vn\/kr\/wp-json\/wp\/v2\/users\/1"}],"replies":[{"embeddable":true,"href":"https:\/\/anlachouse.com.vn\/kr\/wp-json\/wp\/v2\/comments?post=139"}],"version-history":[{"count":5,"href":"https:\/\/anlachouse.com.vn\/kr\/wp-json\/wp\/v2\/pages\/139\/revisions"}],"predecessor-version":[{"id":340,"href":"https:\/\/anlachouse.com.vn\/kr\/wp-json\/wp\/v2\/pages\/139\/revisions\/340"}],"wp:attachment":[{"href":"https:\/\/anlachouse.com.vn\/kr\/wp-json\/wp\/v2\/media?parent=139"}],"curies":[{"name":"wp","href":"https:\/\/api.w.org\/{rel}","templated":true}]}}