{"id":43,"date":"2024-02-01T14:34:00","date_gmt":"2024-02-01T07:34:00","guid":{"rendered":"https:\/\/anlachouse.com.vn\/kr\/?page_id=43"},"modified":"2024-04-15T15:51:18","modified_gmt":"2024-04-15T08:51:18","slug":"gioi-thieu","status":"publish","type":"page","link":"https:\/\/anlachouse.com.vn\/kr\/gioi-thieu\/","title":{"rendered":"Gi\u1edbi thi\u1ec7u"},"content":{"rendered":"<p><strong>Th\u01b0 ng\u1ecf<\/strong><\/p>\n<p>Ch\u00e0o m\u1eebng b\u1ea1n \u0111\u1ebfn v\u1edbi An L\u1ea1c House, ng\u00f4i nh\u00e0 c\u1ee7a h\u1ea1nh ph\u00fac v\u00e0 b\u00ecnh an, ch\u00fang t\u00f4i \u0111\u00e3 c\u00f3 h\u01a1n 10 n\u0103m kinh nghi\u1ec7m trong l\u0129nh v\u1ef1c s\u1eeda ch\u1eefa ho\u00e0n thi\u1ec7n nh\u00e0 \u1edf, c\u0103n h\u1ed9, v\u0103n ph\u00f2ng l\u00e0m vi\u1ec7c v\u00e0 nh\u00e0 h\u00e0ng v\u1edbi x\u01b0\u1edfng s\u1ea3n xu\u1ea5t n\u1ed9i th\u1ea5t tr\u1ef1c ti\u1ebfp s\u1ebd tr\u1edf th\u00e0nh ng\u01b0\u1eddi b\u1ea1n \u0111\u1ed3ng h\u00e0nh trong vi\u1ec7c thi\u1ebft k\u1ebf l\u00ean m\u1ed9t kh\u00f4ng gian l\u00e0m vi\u1ec7c, ngh\u1ec9 ng\u01a1i l\u00fd t\u01b0\u1edfng c\u1ee7a b\u1ea1n.<\/p>\n<p>Ch\u00fang t\u00f4i nh\u1eadn th\u1ee9c s\u00e2u s\u1eafc r\u1eb1ng kh\u00f4ng gian s\u1ed1ng v\u00e0 l\u00e0m vi\u1ec7c kh\u00f4ng ch\u1ec9 \u0111\u01a1n thu\u1ea7n l\u00e0 n\u01a1i b\u1ea1n d\u00e0nh th\u1eddi gian h\u00e0ng ng\u00e0y, m\u00e0 c\u00f2n l\u00e0 b\u1ea3n th\u1ec3 c\u1ee7a phong c\u00e1ch v\u00e0 s\u1edf th\u00edch c\u00e1 nh\u00e2n c\u1ee7a m\u1ed7i ng\u01b0\u1eddi. V\u00ec v\u1eady, ch\u00fang t\u00f4i lu\u00f4n \u0111\u1eb7t s\u1ef1 hi\u1ec3u bi\u1ebft v\u1ec1 nhu c\u1ea7u, mong mu\u1ed1n v\u00e0 b\u1ea3n s\u1eafc v\u0103n h\u00f3a c\u1ee7a t\u1eebng kh\u00e1ch h\u00e0ng l\u00ean h\u00e0ng \u0111\u1ea7u, nh\u1eb1m cung c\u1ea5p nh\u1eefng gi\u1ea3i ph\u00e1p t\u1ed1i \u01b0u nh\u1ea5t cho kh\u00f4ng gian c\u1ee7a h\u1ecd.<\/p>\n<p>M\u1ee5c ti\u00eau c\u1ee7a ch\u00fang t\u00f4i l\u00e0 t\u1ea1o ra s\u1ef1 c\u00e2n \u0111\u1ed1i ho\u00e0n h\u1ea3o gi\u1eefa nhu c\u1ea7u s\u1eed d\u1ee5ng, \u0111i\u1ec1u ki\u1ec7n hi\u1ec7n t\u1ea1i c\u1ee7a kh\u00f4ng gian v\u00e0 ng\u00e2n s\u00e1ch c\u00f3 s\u1eb5n. Ch\u00fang t\u00f4i mong mu\u1ed1n \u0111\u1ed3ng h\u00e0nh c\u00f9ng b\u1ea1n \u0111\u1ec3 th\u1ec3 hi\u1ec7n r\u00f5 phong c\u00e1ch s\u1ed1ng v\u00e0 s\u1edf th\u00edch c\u00e1 nh\u00e2n qua t\u1eebng chi ti\u1ebft nh\u1ecf trong kh\u00f4ng gian c\u1ee7a m\u00ecnh. \u0110i\u1ec1u n\u00e0y gi\u00fap kh\u00f4ng gian s\u1ed1ng v\u00e0 l\u00e0m vi\u1ec7c c\u1ee7a b\u1ea1n kh\u00f4ng ch\u1ec9 l\u00e0 n\u01a1i ti\u1ec7n nghi m\u00e0 c\u00f2n l\u00e0 ngu\u1ed3n c\u1ea3m h\u1ee9ng, h\u1ea1nh ph\u00fac v\u00e0 b\u00ecnh y\u00ean.<\/p>\n<p>Ch\u00fang t\u00f4i cung c\u1ea5p c\u00e1c d\u1ecbch v\u1ee5 sau:<\/p>\n<p><strong>S\u1eeda ch\u1eefa ph\u1ea7n th\u00f4: <\/strong><\/p>\n<ul>\n<li>Ph\u1ea7n \u0111\u1eadp ph\u00e1, th\u00e1o d\u1ee1 t\u01b0\u1eddng, v\u00e1ch ng\u0103n ph\u00f2ng, tr\u1ea7n, c\u1ea7u thang\u2026<\/li>\n<li>C\u01a1i n\u1edbi nh\u00e0 c\u0169, ng\u0103n ph\u00f2ng, l\u00e0m tr\u1ea7n t\u01b0\u1eddng th\u1ea1ch cao<\/li>\n<li>S\u01a1n m\u1edbi, s\u01a1n hi\u1ec7u \u1ee9ng, c\u00e1ch \u00e2m, ch\u1ed1ng ch\u00e1y\u2026<\/li>\n<li>L\u00e1t n\u1ec1n, s\u00e0n g\u1ea1ch, g\u1ed7<\/li>\n<li>X\u1eed l\u00fd ch\u1ed1ng th\u1ea5m<\/li>\n<\/ul>\n<p><strong>T\u01b0 v\u1ea5n thi\u1ebft k\u1ebf:<\/strong><\/p>\n<p>Ch\u00fang t\u00f4i b\u1eaft \u0111\u1ea7u b\u1eb1ng vi\u1ec7c l\u1eafng nghe \u00fd ki\u1ebfn c\u1ee7a b\u1ea1n v\u00e0 hi\u1ec3u r\u00f5 nhu c\u1ea7u s\u1eed d\u1ee5ng v\u00e0 phong c\u00e1ch thi\u1ebft k\u1ebf mong mu\u1ed1n. T\u1eeb \u0111\u00f3, ch\u00fang t\u00f4i \u0111\u1ec1 xu\u1ea5t c\u00e1c gi\u1ea3i ph\u00e1p thi\u1ebft k\u1ebf ph\u00f9 h\u1ee3p v\u00e0 \u0111\u00e1p \u1ee9ng t\u1ed1t nh\u1ea5t:<\/p>\n<ul>\n<li>Thi\u1ebft k\u1ebf n\u1ed9i, ngo\u1ea1i th\u1ea5t<\/li>\n<li>Thi\u1ebft k\u1ebf h\u1ec7 th\u1ed1ng \u0111i\u1ec7n, n\u01b0\u1edbc<\/li>\n<\/ul>\n<p><strong>S\u1ea3n xu\u1ea5t, l\u1eafp \u0111\u1eb7t n\u1ed9i th\u1ea5t<\/strong>: \u0110\u1ed9i ng\u0169 chuy\u00ean gia th\u1ee3 m\u1ed9c v\u00e0 th\u1ee3 h\u00e0n c\u1ee7a ch\u00fang t\u00f4i s\u1ebd chuy\u1ec3n \u00fd t\u01b0\u1edfng thi\u1ebft k\u1ebf th\u00e0nh hi\u1ec7n th\u1ef1c. Ch\u00fang t\u00f4i s\u1eed d\u1ee5ng c\u00f4ng ngh\u1ec7 v\u00e0 v\u1eadt li\u1ec7u ch\u1ea5t l\u01b0\u1ee3ng cao \u0111\u1ec3 s\u1ea3n xu\u1ea5t v\u00e0 l\u1eafp \u0111\u1eb7t n\u1ed9i th\u1ea5t, t\u1eeb b\u00e0n gh\u1ebf, t\u1ee7 k\u1ec7 \u0111\u1ebfn \u0111\u1ed3 decor v\u00e0 trang tr\u00ed.<\/p>\n<p><strong>L\u1eafp \u0111\u1eb7t h\u1ec7 th\u1ed1ng \u0111i\u1ec7n, n\u01b0\u1edbc v\u00e0 m\u1ea1ng LAN, Camera:<\/strong> Theo \u0111\u00fang nhu c\u1ea7u s\u1eed d\u1ee5ng v\u00e0 kh\u1ea3 n\u0103ng m\u1edf r\u1ed9ng c\u1ea5u h\u00ecnh v\u1edbi k\u1ebf ho\u1ea1ch ph\u00e1t tri\u1ec3n, m\u1edf r\u1ed9ng (n\u1ebfu c\u00f3).<\/p>\n<p><strong>C\u1ea5u h\u00ecnh h\u1ec7 th\u1ed1ng m\u00e1y v\u0103n ph\u00f2ng<\/strong> : \u0110\u1ed9i ng\u0169 k\u1ef9 thu\u1eadt vi\u00ean gi\u00e0u kinh nghi\u1ec7m c\u1ee7a ch\u00fang t\u00f4i s\u1ebd l\u1eafp \u0111\u1eb7t v\u00e0 c\u1ea5u h\u00ecnh h\u1ec7 th\u1ed1ng m\u00e1y v\u0103n ph\u00f2ng \u0111\u1ebfn c\u1ea3 kh\u00f3a c\u1eeda th\u00f4ng minh, h\u1ec7 th\u1ed1ng ch\u1ea5m c\u00f4ng, ki\u1ebfm so\u00e1t ra v\u00e0o.<\/p>\n<p>V\u1edbi m\u1ed7i d\u1ef1 \u00e1n, ch\u00fang t\u00f4i cam k\u1ebft mang l\u1ea1i s\u1ef1 chuy\u00ean nghi\u1ec7p, t\u1eadn t\u00e2m v\u00e0 ch\u1ea5t l\u01b0\u1ee3ng h\u00e0ng \u0111\u1ea7u \u0111\u1ec3 \u0111\u1ea3m b\u1ea3o s\u1ef1 h\u00e0i l\u00f2ng v\u00e0 tin c\u1eady t\u1eeb ph\u00eda kh\u00e1ch h\u00e0ng. H\u00e3y li\u00ean h\u1ec7 v\u1edbi ch\u00fang t\u00f4i ngay h\u00f4m nay \u0111\u1ec3 tr\u1ea3i nghi\u1ec7m d\u1ecbch v\u1ee5 chuy\u00ean nghi\u1ec7p v\u00e0 t\u1eadn t\u00e2m nh\u1ea5t!<\/p>\n","protected":false},"excerpt":{"rendered":"<p>Th\u01b0 ng\u1ecf Ch\u00e0o m\u1eebng b\u1ea1n \u0111\u1ebfn v\u1edbi An L\u1ea1c House, ng\u00f4i nh\u00e0 c\u1ee7a h\u1ea1nh ph\u00fac v\u00e0 b\u00ecnh an, ch\u00fang t\u00f4i \u0111\u00e3 c\u00f3 h\u01a1n 10 n\u0103m kinh nghi\u1ec7m trong l\u0129nh v\u1ef1c s\u1eeda ch\u1eefa ho\u00e0n thi\u1ec7n nh\u00e0 \u1edf, c\u0103n h\u1ed9, v\u0103n ph\u00f2ng l\u00e0m vi\u1ec7c v\u00e0 nh\u00e0 h\u00e0ng v\u1edbi x\u01b0\u1edfng s\u1ea3n xu\u1ea5t n\u1ed9i th\u1ea5t tr\u1ef1c ti\u1ebfp s\u1ebd tr\u1edf<\/p>\n","protected":false},"author":1,"featured_media":0,"parent":0,"menu_order":0,"comment_status":"closed","ping_status":"closed","template":"","meta":{"footnotes":""},"class_list":["post-43","page","type-page","status-publish","hentry"],"yoast_head":"<!-- This site is optimized with the Yoast SEO plugin v22.0 - https:\/\/yoast.com\/wordpress\/plugins\/seo\/ -->\n<title>Gi\u1edbi thi\u1ec7u - An L\u1ea1c House<\/title>\n<meta name=\"robots\" content=\"noindex, follow, max-snippet:-1, max-image-preview:large, max-video-preview:-1\" \/>\n<meta property=\"og:locale\" content=\"vi_VN\" \/>\n<meta property=\"og:type\" content=\"article\" \/>\n<meta property=\"og:title\" content=\"Gi\u1edbi thi\u1ec7u - An L\u1ea1c House\" \/>\n<meta property=\"og:description\" content=\"Th\u01b0 ng\u1ecf Ch\u00e0o m\u1eebng b\u1ea1n \u0111\u1ebfn v\u1edbi An L\u1ea1c House, ng\u00f4i nh\u00e0 c\u1ee7a h\u1ea1nh ph\u00fac v\u00e0 b\u00ecnh an, ch\u00fang t\u00f4i \u0111\u00e3 c\u00f3 h\u01a1n 10 n\u0103m kinh nghi\u1ec7m trong l\u0129nh v\u1ef1c s\u1eeda ch\u1eefa ho\u00e0n thi\u1ec7n nh\u00e0 \u1edf, c\u0103n h\u1ed9, v\u0103n ph\u00f2ng l\u00e0m vi\u1ec7c v\u00e0 nh\u00e0 h\u00e0ng v\u1edbi x\u01b0\u1edfng s\u1ea3n xu\u1ea5t n\u1ed9i th\u1ea5t tr\u1ef1c ti\u1ebfp s\u1ebd tr\u1edf\" \/>\n<meta property=\"og:url\" content=\"https:\/\/anlachouse.com.vn\/kr\/gioi-thieu\/\" \/>\n<meta property=\"og:site_name\" content=\"An L\u1ea1c House\" \/>\n<meta property=\"article:modified_time\" content=\"2024-04-15T08:51:18+00:00\" \/>\n<meta name=\"twitter:card\" content=\"summary_large_image\" \/>\n<meta name=\"twitter:label1\" content=\"\u01af\u1edbc t\u00ednh th\u1eddi gian \u0111\u1ecdc\" \/>\n\t<meta name=\"twitter:data1\" content=\"3 ph\u00fat\" \/>\n<script type=\"application\/ld+json\" class=\"yoast-schema-graph\">{\"@context\":\"https:\/\/schema.org\",\"@graph\":[{\"@type\":\"WebPage\",\"@id\":\"https:\/\/anlachouse.com.vn\/kr\/gioi-thieu\/\",\"url\":\"https:\/\/anlachouse.com.vn\/kr\/gioi-thieu\/\",\"name\":\"Gi\u1edbi thi\u1ec7u - An L\u1ea1c House\",\"isPartOf\":{\"@id\":\"https:\/\/anlachouse.com.vn\/kr\/#website\"},\"datePublished\":\"2024-02-01T07:34:00+00:00\",\"dateModified\":\"2024-04-15T08:51:18+00:00\",\"breadcrumb\":{\"@id\":\"https:\/\/anlachouse.com.vn\/kr\/gioi-thieu\/#breadcrumb\"},\"inLanguage\":\"vi\",\"potentialAction\":[{\"@type\":\"ReadAction\",\"target\":[\"https:\/\/anlachouse.com.vn\/kr\/gioi-thieu\/\"]}]},{\"@type\":\"BreadcrumbList\",\"@id\":\"https:\/\/anlachouse.com.vn\/kr\/gioi-thieu\/#breadcrumb\",\"itemListElement\":[{\"@type\":\"ListItem\",\"position\":1,\"name\":\"Trang ch\u1ee7\",\"item\":\"https:\/\/anlachouse.com.vn\/kr\/\"},{\"@type\":\"ListItem\",\"position\":2,\"name\":\"Gi\u1edbi thi\u1ec7u\"}]},{\"@type\":\"WebSite\",\"@id\":\"https:\/\/anlachouse.com.vn\/kr\/#website\",\"url\":\"https:\/\/anlachouse.com.vn\/kr\/\",\"name\":\"An L\u1ea1c House\",\"description\":\"\",\"potentialAction\":[{\"@type\":\"SearchAction\",\"target\":{\"@type\":\"EntryPoint\",\"urlTemplate\":\"https:\/\/anlachouse.com.vn\/kr\/?s={search_term_string}\"},\"query-input\":\"required name=search_term_string\"}],\"inLanguage\":\"vi\"}]}<\/script>\n<!-- \/ Yoast SEO plugin. -->","yoast_head_json":{"title":"Gi\u1edbi thi\u1ec7u - An L\u1ea1c House","robots":{"index":"noindex","follow":"follow","max-snippet":"max-snippet:-1","max-image-preview":"max-image-preview:large","max-video-preview":"max-video-preview:-1"},"og_locale":"vi_VN","og_type":"article","og_title":"Gi\u1edbi thi\u1ec7u - An L\u1ea1c House","og_description":"Th\u01b0 ng\u1ecf Ch\u00e0o m\u1eebng b\u1ea1n \u0111\u1ebfn v\u1edbi An L\u1ea1c House, ng\u00f4i nh\u00e0 c\u1ee7a h\u1ea1nh ph\u00fac v\u00e0 b\u00ecnh an, ch\u00fang t\u00f4i \u0111\u00e3 c\u00f3 h\u01a1n 10 n\u0103m kinh nghi\u1ec7m trong l\u0129nh v\u1ef1c s\u1eeda ch\u1eefa ho\u00e0n thi\u1ec7n nh\u00e0 \u1edf, c\u0103n h\u1ed9, v\u0103n ph\u00f2ng l\u00e0m vi\u1ec7c v\u00e0 nh\u00e0 h\u00e0ng v\u1edbi x\u01b0\u1edfng s\u1ea3n xu\u1ea5t n\u1ed9i th\u1ea5t tr\u1ef1c ti\u1ebfp s\u1ebd tr\u1edf","og_url":"https:\/\/anlachouse.com.vn\/kr\/gioi-thieu\/","og_site_name":"An L\u1ea1c House","article_modified_time":"2024-04-15T08:51:18+00:00","twitter_card":"summary_large_image","twitter_misc":{"\u01af\u1edbc t\u00ednh th\u1eddi gian \u0111\u1ecdc":"3 ph\u00fat"},"schema":{"@context":"https:\/\/schema.org","@graph":[{"@type":"WebPage","@id":"https:\/\/anlachouse.com.vn\/kr\/gioi-thieu\/","url":"https:\/\/anlachouse.com.vn\/kr\/gioi-thieu\/","name":"Gi\u1edbi thi\u1ec7u - An L\u1ea1c House","isPartOf":{"@id":"https:\/\/anlachouse.com.vn\/kr\/#website"},"datePublished":"2024-02-01T07:34:00+00:00","dateModified":"2024-04-15T08:51:18+00:00","breadcrumb":{"@id":"https:\/\/anlachouse.com.vn\/kr\/gioi-thieu\/#breadcrumb"},"inLanguage":"vi","potentialAction":[{"@type":"ReadAction","target":["https:\/\/anlachouse.com.vn\/kr\/gioi-thieu\/"]}]},{"@type":"BreadcrumbList","@id":"https:\/\/anlachouse.com.vn\/kr\/gioi-thieu\/#breadcrumb","itemListElement":[{"@type":"ListItem","position":1,"name":"Trang ch\u1ee7","item":"https:\/\/anlachouse.com.vn\/kr\/"},{"@type":"ListItem","position":2,"name":"Gi\u1edbi thi\u1ec7u"}]},{"@type":"WebSite","@id":"https:\/\/anlachouse.com.vn\/kr\/#website","url":"https:\/\/anlachouse.com.vn\/kr\/","name":"An L\u1ea1c House","description":"","potentialAction":[{"@type":"SearchAction","target":{"@type":"EntryPoint","urlTemplate":"https:\/\/anlachouse.com.vn\/kr\/?s={search_term_string}"},"query-input":"required name=search_term_string"}],"inLanguage":"vi"}]}},"_links":{"self":[{"href":"https:\/\/anlachouse.com.vn\/kr\/wp-json\/wp\/v2\/pages\/43","targetHints":{"allow":["GET"]}}],"collection":[{"href":"https:\/\/anlachouse.com.vn\/kr\/wp-json\/wp\/v2\/pages"}],"about":[{"href":"https:\/\/anlachouse.com.vn\/kr\/wp-json\/wp\/v2\/types\/page"}],"author":[{"embeddable":true,"href":"https:\/\/anlachouse.com.vn\/kr\/wp-json\/wp\/v2\/users\/1"}],"replies":[{"embeddable":true,"href":"https:\/\/anlachouse.com.vn\/kr\/wp-json\/wp\/v2\/comments?post=43"}],"version-history":[{"count":5,"href":"https:\/\/anlachouse.com.vn\/kr\/wp-json\/wp\/v2\/pages\/43\/revisions"}],"predecessor-version":[{"id":323,"href":"https:\/\/anlachouse.com.vn\/kr\/wp-json\/wp\/v2\/pages\/43\/revisions\/323"}],"wp:attachment":[{"href":"https:\/\/anlachouse.com.vn\/kr\/wp-json\/wp\/v2\/media?parent=43"}],"curies":[{"name":"wp","href":"https:\/\/api.w.org\/{rel}","templated":true}]}}