{"id":44,"date":"2024-02-01T14:34:05","date_gmt":"2024-02-01T07:34:05","guid":{"rendered":"https:\/\/anlachouse.com.vn\/kr\/?page_id=44"},"modified":"2024-04-22T14:38:32","modified_gmt":"2024-04-22T07:38:32","slug":"lien-he","status":"publish","type":"page","link":"https:\/\/anlachouse.com.vn\/kr\/lien-he\/","title":{"rendered":"Li\u00ean h\u1ec7"},"content":{"rendered":"<p><strong>C\u00d4NG TY TNHH \u0110\u1ea6U T\u01af TH\u01af\u01a0NG M\u1ea0I V\u00c0 D\u1ecaCH V\u1ee4 VINH KHANG<\/strong><\/p>\n<ul>\n<li>\u0110KKD: \u0110\u1ed9i 15, Th\u00f4n L\u01b0\u01a1ng X\u00e1, x\u00e3 Lam \u0110i\u1ec1n, huy\u1ec7n Ch\u01b0\u01a1ng M\u1ef9, th\u00e0nh ph\u1ed1 H\u00e0 N\u1ed9i, Vi\u1ec7t Nam<\/li>\n<li>VPGG: 1901 CT5A V\u0103n Kh\u00ea, H\u00e0 \u0110\u00f4ng, H\u00e0 N\u1ed9i<\/li>\n<li>Kho: C03-54 Geleximco, ph\u01b0\u1eddng D\u01b0\u01a1ng N\u1ed9i, qu\u1eadn H\u00e0 \u0110\u00f4ng, H\u00e0 N\u1ed9i<\/li>\n<li>X\u01b0\u1edfng: x\u00e3 Thanh \u0110a, huy\u1ec7n Ph\u00fac Th\u1ecd, H\u00e0 N\u1ed9i<\/li>\n<li>MST: 0106225902<\/li>\n<li>Hotline: 0986352678<\/li>\n<\/ul>\n","protected":false},"excerpt":{"rendered":"<p>C\u00d4NG TY TNHH \u0110\u1ea6U T\u01af TH\u01af\u01a0NG M\u1ea0I V\u00c0 D\u1ecaCH V\u1ee4 VINH KHANG \u0110KKD: \u0110\u1ed9i 15, Th\u00f4n L\u01b0\u01a1ng X\u00e1, x\u00e3 Lam \u0110i\u1ec1n, huy\u1ec7n Ch\u01b0\u01a1ng M\u1ef9, th\u00e0nh ph\u1ed1 H\u00e0 N\u1ed9i, Vi\u1ec7t Nam VPGG: 1901 CT5A V\u0103n Kh\u00ea, H\u00e0 \u0110\u00f4ng, H\u00e0 N\u1ed9i Kho: C03-54 Geleximco, ph\u01b0\u1eddng D\u01b0\u01a1ng N\u1ed9i, qu\u1eadn H\u00e0 \u0110\u00f4ng, H\u00e0 N\u1ed9i X\u01b0\u1edfng: x\u00e3 Thanh \u0110a, huy\u1ec7n<\/p>\n","protected":false},"author":1,"featured_media":0,"parent":0,"menu_order":0,"comment_status":"closed","ping_status":"closed","template":"","meta":{"footnotes":""},"class_list":["post-44","page","type-page","status-publish","hentry"],"yoast_head":"<!-- This site is optimized with the Yoast SEO plugin v22.0 - https:\/\/yoast.com\/wordpress\/plugins\/seo\/ -->\n<title>Li\u00ean h\u1ec7 - An L\u1ea1c House<\/title>\n<meta name=\"robots\" content=\"noindex, follow, max-snippet:-1, max-image-preview:large, max-video-preview:-1\" \/>\n<meta property=\"og:locale\" content=\"vi_VN\" \/>\n<meta property=\"og:type\" content=\"article\" \/>\n<meta property=\"og:title\" content=\"Li\u00ean h\u1ec7 - An L\u1ea1c House\" \/>\n<meta property=\"og:description\" content=\"C\u00d4NG TY TNHH \u0110\u1ea6U T\u01af TH\u01af\u01a0NG M\u1ea0I V\u00c0 D\u1ecaCH V\u1ee4 VINH KHANG \u0110KKD: \u0110\u1ed9i 15, Th\u00f4n L\u01b0\u01a1ng X\u00e1, x\u00e3 Lam \u0110i\u1ec1n, huy\u1ec7n Ch\u01b0\u01a1ng M\u1ef9, th\u00e0nh ph\u1ed1 H\u00e0 N\u1ed9i, Vi\u1ec7t Nam VPGG: 1901 CT5A V\u0103n Kh\u00ea, H\u00e0 \u0110\u00f4ng, H\u00e0 N\u1ed9i Kho: C03-54 Geleximco, ph\u01b0\u1eddng D\u01b0\u01a1ng N\u1ed9i, qu\u1eadn H\u00e0 \u0110\u00f4ng, H\u00e0 N\u1ed9i X\u01b0\u1edfng: x\u00e3 Thanh \u0110a, huy\u1ec7n\" \/>\n<meta property=\"og:url\" content=\"https:\/\/anlachouse.com.vn\/kr\/lien-he\/\" \/>\n<meta property=\"og:site_name\" content=\"An L\u1ea1c House\" \/>\n<meta property=\"article:modified_time\" content=\"2024-04-22T07:38:32+00:00\" \/>\n<meta name=\"twitter:card\" content=\"summary_large_image\" \/>\n<meta name=\"twitter:label1\" content=\"\u01af\u1edbc t\u00ednh th\u1eddi gian \u0111\u1ecdc\" \/>\n\t<meta name=\"twitter:data1\" content=\"1 ph\u00fat\" \/>\n<script type=\"application\/ld+json\" class=\"yoast-schema-graph\">{\"@context\":\"https:\/\/schema.org\",\"@graph\":[{\"@type\":\"WebPage\",\"@id\":\"https:\/\/anlachouse.com.vn\/kr\/lien-he\/\",\"url\":\"https:\/\/anlachouse.com.vn\/kr\/lien-he\/\",\"name\":\"Li\u00ean h\u1ec7 - An L\u1ea1c House\",\"isPartOf\":{\"@id\":\"https:\/\/anlachouse.com.vn\/kr\/#website\"},\"datePublished\":\"2024-02-01T07:34:05+00:00\",\"dateModified\":\"2024-04-22T07:38:32+00:00\",\"breadcrumb\":{\"@id\":\"https:\/\/anlachouse.com.vn\/kr\/lien-he\/#breadcrumb\"},\"inLanguage\":\"vi\",\"potentialAction\":[{\"@type\":\"ReadAction\",\"target\":[\"https:\/\/anlachouse.com.vn\/kr\/lien-he\/\"]}]},{\"@type\":\"BreadcrumbList\",\"@id\":\"https:\/\/anlachouse.com.vn\/kr\/lien-he\/#breadcrumb\",\"itemListElement\":[{\"@type\":\"ListItem\",\"position\":1,\"name\":\"Trang ch\u1ee7\",\"item\":\"https:\/\/anlachouse.com.vn\/kr\/\"},{\"@type\":\"ListItem\",\"position\":2,\"name\":\"Li\u00ean h\u1ec7\"}]},{\"@type\":\"WebSite\",\"@id\":\"https:\/\/anlachouse.com.vn\/kr\/#website\",\"url\":\"https:\/\/anlachouse.com.vn\/kr\/\",\"name\":\"An L\u1ea1c House\",\"description\":\"\",\"potentialAction\":[{\"@type\":\"SearchAction\",\"target\":{\"@type\":\"EntryPoint\",\"urlTemplate\":\"https:\/\/anlachouse.com.vn\/kr\/?s={search_term_string}\"},\"query-input\":\"required name=search_term_string\"}],\"inLanguage\":\"vi\"}]}<\/script>\n<!-- \/ Yoast SEO plugin. -->","yoast_head_json":{"title":"Li\u00ean h\u1ec7 - An L\u1ea1c House","robots":{"index":"noindex","follow":"follow","max-snippet":"max-snippet:-1","max-image-preview":"max-image-preview:large","max-video-preview":"max-video-preview:-1"},"og_locale":"vi_VN","og_type":"article","og_title":"Li\u00ean h\u1ec7 - An L\u1ea1c House","og_description":"C\u00d4NG TY TNHH \u0110\u1ea6U T\u01af TH\u01af\u01a0NG M\u1ea0I V\u00c0 D\u1ecaCH V\u1ee4 VINH KHANG \u0110KKD: \u0110\u1ed9i 15, Th\u00f4n L\u01b0\u01a1ng X\u00e1, x\u00e3 Lam \u0110i\u1ec1n, huy\u1ec7n Ch\u01b0\u01a1ng M\u1ef9, th\u00e0nh ph\u1ed1 H\u00e0 N\u1ed9i, Vi\u1ec7t Nam VPGG: 1901 CT5A V\u0103n Kh\u00ea, H\u00e0 \u0110\u00f4ng, H\u00e0 N\u1ed9i Kho: C03-54 Geleximco, ph\u01b0\u1eddng D\u01b0\u01a1ng N\u1ed9i, qu\u1eadn H\u00e0 \u0110\u00f4ng, H\u00e0 N\u1ed9i X\u01b0\u1edfng: x\u00e3 Thanh \u0110a, huy\u1ec7n","og_url":"https:\/\/anlachouse.com.vn\/kr\/lien-he\/","og_site_name":"An L\u1ea1c House","article_modified_time":"2024-04-22T07:38:32+00:00","twitter_card":"summary_large_image","twitter_misc":{"\u01af\u1edbc t\u00ednh th\u1eddi gian \u0111\u1ecdc":"1 ph\u00fat"},"schema":{"@context":"https:\/\/schema.org","@graph":[{"@type":"WebPage","@id":"https:\/\/anlachouse.com.vn\/kr\/lien-he\/","url":"https:\/\/anlachouse.com.vn\/kr\/lien-he\/","name":"Li\u00ean h\u1ec7 - An L\u1ea1c House","isPartOf":{"@id":"https:\/\/anlachouse.com.vn\/kr\/#website"},"datePublished":"2024-02-01T07:34:05+00:00","dateModified":"2024-04-22T07:38:32+00:00","breadcrumb":{"@id":"https:\/\/anlachouse.com.vn\/kr\/lien-he\/#breadcrumb"},"inLanguage":"vi","potentialAction":[{"@type":"ReadAction","target":["https:\/\/anlachouse.com.vn\/kr\/lien-he\/"]}]},{"@type":"BreadcrumbList","@id":"https:\/\/anlachouse.com.vn\/kr\/lien-he\/#breadcrumb","itemListElement":[{"@type":"ListItem","position":1,"name":"Trang ch\u1ee7","item":"https:\/\/anlachouse.com.vn\/kr\/"},{"@type":"ListItem","position":2,"name":"Li\u00ean h\u1ec7"}]},{"@type":"WebSite","@id":"https:\/\/anlachouse.com.vn\/kr\/#website","url":"https:\/\/anlachouse.com.vn\/kr\/","name":"An L\u1ea1c House","description":"","potentialAction":[{"@type":"SearchAction","target":{"@type":"EntryPoint","urlTemplate":"https:\/\/anlachouse.com.vn\/kr\/?s={search_term_string}"},"query-input":"required name=search_term_string"}],"inLanguage":"vi"}]}},"_links":{"self":[{"href":"https:\/\/anlachouse.com.vn\/kr\/wp-json\/wp\/v2\/pages\/44","targetHints":{"allow":["GET"]}}],"collection":[{"href":"https:\/\/anlachouse.com.vn\/kr\/wp-json\/wp\/v2\/pages"}],"about":[{"href":"https:\/\/anlachouse.com.vn\/kr\/wp-json\/wp\/v2\/types\/page"}],"author":[{"embeddable":true,"href":"https:\/\/anlachouse.com.vn\/kr\/wp-json\/wp\/v2\/users\/1"}],"replies":[{"embeddable":true,"href":"https:\/\/anlachouse.com.vn\/kr\/wp-json\/wp\/v2\/comments?post=44"}],"version-history":[{"count":3,"href":"https:\/\/anlachouse.com.vn\/kr\/wp-json\/wp\/v2\/pages\/44\/revisions"}],"predecessor-version":[{"id":329,"href":"https:\/\/anlachouse.com.vn\/kr\/wp-json\/wp\/v2\/pages\/44\/revisions\/329"}],"wp:attachment":[{"href":"https:\/\/anlachouse.com.vn\/kr\/wp-json\/wp\/v2\/media?parent=44"}],"curies":[{"name":"wp","href":"https:\/\/api.w.org\/{rel}","templated":true}]}}